{"id":67,"date":"2026-02-11T11:18:52","date_gmt":"2026-02-11T11:18:52","guid":{"rendered":"https:\/\/escuelainfantilbenicalap.com\/?page_id=67"},"modified":"2026-02-13T08:42:13","modified_gmt":"2026-02-13T08:42:13","slug":"contacto","status":"publish","type":"page","link":"https:\/\/escuelainfantilminipoli.com\/index.php\/contacto\/","title":{"rendered":"Contacto"},"content":{"rendered":"\t\t<div data-elementor-type=\"wp-page\" data-elementor-id=\"67\" class=\"elementor elementor-67\" data-elementor-post-type=\"page\">\n\t\t\t\t<div class=\"elementor-element elementor-element-3d488da e-flex e-con-boxed e-con e-parent\" data-id=\"3d488da\" data-element_type=\"container\" data-settings=\"{&quot;background_background&quot;:&quot;classic&quot;}\">\n\t\t\t\t\t<div class=\"e-con-inner\">\n\t\t<div class=\"elementor-element elementor-element-3e9af14 e-con-full e-flex e-con e-child\" data-id=\"3e9af14\" data-element_type=\"container\" data-settings=\"{&quot;background_background&quot;:&quot;classic&quot;}\">\n\t\t\t\t<div class=\"elementor-element elementor-element-4be5241 elementor-widget elementor-widget-heading\" data-id=\"4be5241\" data-element_type=\"widget\" data-widget_type=\"heading.default\">\n\t\t\t\t<div class=\"elementor-widget-container\">\n\t\t\t\t\t<h2 class=\"elementor-heading-title elementor-size-default\">Todo lo que necesitas saber<\/h2>\t\t\t\t<\/div>\n\t\t\t\t<\/div>\n\t\t\t\t<div class=\"elementor-element elementor-element-f5b382b elementor-widget elementor-widget-text-editor\" data-id=\"f5b382b\" data-element_type=\"widget\" data-widget_type=\"text-editor.default\">\n\t\t\t\t<div class=\"elementor-widget-container\">\n\t\t\t\t\t\t\t\t\t<p>Contacta con nosotros para saber mas<\/p>\t\t\t\t\t\t\t\t<\/div>\n\t\t\t\t<\/div>\n\t\t\t\t<\/div>\n\t\t\t\t\t<\/div>\n\t\t\t\t<\/div>\n\t\t<div class=\"elementor-element elementor-element-34900ea e-flex e-con-boxed e-con e-parent\" data-id=\"34900ea\" data-element_type=\"container\">\n\t\t\t\t\t<div class=\"e-con-inner\">\n\t\t<div class=\"elementor-element elementor-element-5ef6704 e-con-full e-flex e-con e-child\" data-id=\"5ef6704\" data-element_type=\"container\">\n\t\t\t\t<div class=\"elementor-element elementor-element-8b4210b elementor-widget__width-initial elementor-widget-tablet__width-initial elementor-widget-mobile__width-inherit elementor-widget elementor-widget-text-editor\" data-id=\"8b4210b\" data-element_type=\"widget\" data-widget_type=\"text-editor.default\">\n\t\t\t\t<div class=\"elementor-widget-container\">\n\t\t\t\t\t\t\t\t\t<p>Elegir la primera escuela infantil es una decisi\u00f3n importante.<br data-start=\"270\" data-end=\"273\" \/>Queremos que nos conozcas, que visites nuestras instalaciones y que resuelvas todas tus dudas con tranquilidad.<\/p>\t\t\t\t\t\t\t\t<\/div>\n\t\t\t\t<\/div>\n\t\t\t\t<\/div>\n\t\t\t\t\t<\/div>\n\t\t\t\t<\/div>\n\t\t<div class=\"elementor-element elementor-element-a1fd6aa e-flex e-con-boxed e-con e-parent\" data-id=\"a1fd6aa\" data-element_type=\"container\">\n\t\t\t\t\t<div class=\"e-con-inner\">\n\t\t\t\t<div class=\"elementor-element elementor-element-1a3e4f6 elementor-widget elementor-widget-heading\" data-id=\"1a3e4f6\" data-element_type=\"widget\" data-widget_type=\"heading.default\">\n\t\t\t\t<div class=\"elementor-widget-container\">\n\t\t\t\t\t<h2 class=\"elementor-heading-title elementor-size-default\">Horario<\/h2>\t\t\t\t<\/div>\n\t\t\t\t<\/div>\n\t\t\t\t<div class=\"elementor-element elementor-element-b3abf4e elementor-widget-tablet__width-initial elementor-widget elementor-widget-text-editor\" data-id=\"b3abf4e\" data-element_type=\"widget\" data-widget_type=\"text-editor.default\">\n\t\t\t\t<div class=\"elementor-widget-container\">\n\t\t\t\t\t\t\t\t\t<p data-start=\"663\" data-end=\"727\">Lunes a viernes<\/p>\n<p data-start=\"663\" data-end=\"727\">9:00 &#8211; 17:00<\/p>\n<p data-start=\"663\" data-end=\"727\"><br data-start=\"678\" data-end=\"681\" \/>Horario adaptado a las necesidades familiares.<\/p>\n<p>\u00a0<\/p>\n<p data-start=\"729\" data-end=\"775\"><em data-start=\"729\" data-end=\"775\">Consulta disponibilidad de horario ampliado.<\/em><\/p>\t\t\t\t\t\t\t\t<\/div>\n\t\t\t\t<\/div>\n\t\t\t\t\t<\/div>\n\t\t\t\t<\/div>\n\t\t<div class=\"elementor-element elementor-element-56f318f e-flex e-con-boxed e-con e-parent\" data-id=\"56f318f\" data-element_type=\"container\">\n\t\t\t\t\t<div class=\"e-con-inner\">\n\t\t\t\t<div class=\"elementor-element elementor-element-b140c8e elementor-widget elementor-widget-heading\" data-id=\"b140c8e\" data-element_type=\"widget\" data-widget_type=\"heading.default\">\n\t\t\t\t<div class=\"elementor-widget-container\">\n\t\t\t\t\t<h2 class=\"elementor-heading-title elementor-size-default\">Solicita informaci\u00f3n<\/h2>\t\t\t\t<\/div>\n\t\t\t\t<\/div>\n\t\t\t\t<div class=\"elementor-element elementor-element-109beb4 elementor-widget elementor-widget-text-editor\" data-id=\"109beb4\" data-element_type=\"widget\" data-widget_type=\"text-editor.default\">\n\t\t\t\t<div class=\"elementor-widget-container\">\n\t\t\t\t\t\t\t\t\t<p data-start=\"663\" data-end=\"727\">Tel\u00e9fono: <a href=\"tel:614250236\">+34 <\/a><a href=\"tel:614185823\" data-dtype=\"d3ph\" data-local-attribute=\"d3ph\" data-ved=\"2ahUKEwjo8f-UgNSSAxUTh_0HHdJKKvIQkAgoAHoECCcQAg\"><span aria-label=\"Llamar al n\u00famero de tel\u00e9fono 614 18 58 23\">614 18 58 23<\/span><\/a><br data-start=\"890\" data-end=\"893\" \/>Email: <a href=\"mailto:minipoli@escuelas-infantiles.com\">minipoli@escuelas-infantiles.com<\/a><\/p>\t\t\t\t\t\t\t\t<\/div>\n\t\t\t\t<\/div>\n\t\t\t\t<div class=\"elementor-element elementor-element-13e9026 elementor-widget elementor-widget-button\" data-id=\"13e9026\" data-element_type=\"widget\" data-widget_type=\"button.default\">\n\t\t\t\t<div class=\"elementor-widget-container\">\n\t\t\t\t\t\t\t\t\t<div class=\"elementor-button-wrapper\">\n\t\t\t\t\t<a class=\"elementor-button elementor-button-link elementor-size-sm\" href=\"#\">\n\t\t\t\t\t\t<span class=\"elementor-button-content-wrapper\">\n\t\t\t\t\t\t\t\t\t<span class=\"elementor-button-text\">Pedir cita para visita<\/span>\n\t\t\t\t\t<\/span>\n\t\t\t\t\t<\/a>\n\t\t\t\t<\/div>\n\t\t\t\t\t\t\t\t<\/div>\n\t\t\t\t<\/div>\n\t\t\t\t\t<\/div>\n\t\t\t\t<\/div>\n\t\t<div class=\"elementor-element elementor-element-702262f e-flex e-con-boxed e-con e-parent\" data-id=\"702262f\" data-element_type=\"container\">\n\t\t\t\t\t<div class=\"e-con-inner\">\n\t\t\t\t<div class=\"elementor-element elementor-element-3e42035 elementor-widget__width-initial elementor-widget-mobile__width-inherit elementor-widget elementor-widget-google_maps\" data-id=\"3e42035\" data-element_type=\"widget\" data-widget_type=\"google_maps.default\">\n\t\t\t\t<div class=\"elementor-widget-container\">\n\t\t\t\t\t\t\t<div class=\"elementor-custom-embed\">\n\t\t\t<iframe loading=\"lazy\"\n\t\t\t\t\tsrc=\"https:\/\/maps.google.com\/maps?q=escuela%20municipal%20minipoli&#038;t=m&#038;z=15&#038;output=embed&#038;iwloc=near\"\n\t\t\t\t\ttitle=\"escuela municipal minipoli\"\n\t\t\t\t\taria-label=\"escuela municipal minipoli\"\n\t\t\t><\/iframe>\n\t\t<\/div>\n\t\t\t\t\t\t<\/div>\n\t\t\t\t<\/div>\n\t\t\t\t\t<\/div>\n\t\t\t\t<\/div>\n\t\t<div class=\"elementor-element elementor-element-a0e615c e-flex e-con-boxed e-con e-parent\" data-id=\"a0e615c\" data-element_type=\"container\">\n\t\t\t\t\t<div class=\"e-con-inner\">\n\t\t\t\t<div class=\"elementor-element elementor-element-5e50138 elementor-widget elementor-widget-sbi-widget\" data-id=\"5e50138\" data-element_type=\"widget\" data-widget_type=\"sbi-widget.default\">\n\t\t\t\t<div class=\"elementor-widget-container\">\n\t\t\t\t\tNo hay feed seleccionado a mostrar.\t\t\t\t<\/div>\n\t\t\t\t<\/div>\n\t\t\t\t\t<\/div>\n\t\t\t\t<\/div>\n\t\t\t\t<\/div>\n\t\t","protected":false},"excerpt":{"rendered":"<p>En Escuela Infantil en Benicalap (Valencia) queremos ayudarte a resolver todas tus dudas sobre matr\u00edcula, horarios y visitas. Escr\u00edbenos o ll\u00e1manos, estaremos encantados de atenderte.<\/p>\n","protected":false},"author":1,"featured_media":0,"parent":0,"menu_order":0,"comment_status":"closed","ping_status":"closed","template":"","meta":{"footnotes":""},"class_list":["post-67","page","type-page","status-publish","hentry"],"yoast_head":"<!-- This site is optimized with the Yoast SEO plugin v25.4 - https:\/\/yoast.com\/wordpress\/plugins\/seo\/ -->\n<title>Contacto | Escuela Infantil en Tres Forques (Valencia)<\/title>\n<meta name=\"description\" content=\"Contacta con la Escuela Infantil en Tres Forques. Tel\u00e9fono, email y horario de atenci\u00f3n para resolver tus dudas e informaci\u00f3n de visitas.\" \/>\n<meta name=\"robots\" content=\"index, follow, max-snippet:-1, max-image-preview:large, max-video-preview:-1\" \/>\n<link rel=\"canonical\" href=\"https:\/\/escuelainfantilminipoli.com\/index.php\/contacto\/\" \/>\n<meta property=\"og:locale\" content=\"es_ES\" \/>\n<meta property=\"og:type\" content=\"article\" \/>\n<meta property=\"og:title\" content=\"Contacto | Escuela Infantil en Tres Forques (Valencia)\" \/>\n<meta property=\"og:description\" content=\"Contacta con la Escuela Infantil en Tres Forques. Tel\u00e9fono, email y horario de atenci\u00f3n para resolver tus dudas e informaci\u00f3n de visitas.\" \/>\n<meta property=\"og:url\" content=\"https:\/\/escuelainfantilminipoli.com\/index.php\/contacto\/\" \/>\n<meta property=\"og:site_name\" content=\"Escuela Infantil MiniPoli\" \/>\n<meta property=\"article:modified_time\" content=\"2026-02-13T08:42:13+00:00\" \/>\n<meta property=\"og:image\" content=\"https:\/\/escuelainfantilminipoli.com\/wp-content\/uploads\/2026\/02\/Logo-benicalap.png\" \/>\n\t<meta property=\"og:image:width\" content=\"2241\" \/>\n\t<meta property=\"og:image:height\" content=\"2134\" \/>\n\t<meta property=\"og:image:type\" content=\"image\/png\" \/>\n<meta name=\"twitter:card\" content=\"summary_large_image\" \/>\n<meta name=\"twitter:label1\" content=\"Tiempo de lectura\" \/>\n\t<meta name=\"twitter:data1\" content=\"1 minuto\" \/>\n<script type=\"application\/ld+json\" class=\"yoast-schema-graph\">{\"@context\":\"https:\/\/schema.org\",\"@graph\":[{\"@type\":\"WebPage\",\"@id\":\"https:\/\/escuelainfantilminipoli.com\/index.php\/contacto\/\",\"url\":\"https:\/\/escuelainfantilminipoli.com\/index.php\/contacto\/\",\"name\":\"Contacto | Escuela Infantil en Tres Forques (Valencia)\",\"isPartOf\":{\"@id\":\"https:\/\/escuelainfantilminipoli.com\/#website\"},\"datePublished\":\"2026-02-11T11:18:52+00:00\",\"dateModified\":\"2026-02-13T08:42:13+00:00\",\"description\":\"Contacta con la Escuela Infantil en Tres Forques. Tel\u00e9fono, email y horario de atenci\u00f3n para resolver tus dudas e informaci\u00f3n de visitas.\",\"breadcrumb\":{\"@id\":\"https:\/\/escuelainfantilminipoli.com\/index.php\/contacto\/#breadcrumb\"},\"inLanguage\":\"es\",\"potentialAction\":[{\"@type\":\"ReadAction\",\"target\":[\"https:\/\/escuelainfantilminipoli.com\/index.php\/contacto\/\"]}]},{\"@type\":\"BreadcrumbList\",\"@id\":\"https:\/\/escuelainfantilminipoli.com\/index.php\/contacto\/#breadcrumb\",\"itemListElement\":[{\"@type\":\"ListItem\",\"position\":1,\"name\":\"Portada\",\"item\":\"https:\/\/escuelainfantilminipoli.com\/\"},{\"@type\":\"ListItem\",\"position\":2,\"name\":\"Contacto\"}]},{\"@type\":\"WebSite\",\"@id\":\"https:\/\/escuelainfantilminipoli.com\/#website\",\"url\":\"https:\/\/escuelainfantilminipoli.com\/\",\"name\":\"Escuela Infantil MiniPoli\",\"description\":\"Escuela Infantil MiniPoli ofrece educaci\u00f3n infantil de 0 a 6 a\u00f1os en Valencia. Centros con atenci\u00f3n personalizada, ingl\u00e9s, piscina, comedor y actividades para el desarrollo integral de tu hijo.\",\"publisher\":{\"@id\":\"https:\/\/escuelainfantilminipoli.com\/#organization\"},\"potentialAction\":[{\"@type\":\"SearchAction\",\"target\":{\"@type\":\"EntryPoint\",\"urlTemplate\":\"https:\/\/escuelainfantilminipoli.com\/?s={search_term_string}\"},\"query-input\":{\"@type\":\"PropertyValueSpecification\",\"valueRequired\":true,\"valueName\":\"search_term_string\"}}],\"inLanguage\":\"es\"},{\"@type\":\"Organization\",\"@id\":\"https:\/\/escuelainfantilminipoli.com\/#organization\",\"name\":\"Escuela Infantil MiniPoli\",\"url\":\"https:\/\/escuelainfantilminipoli.com\/\",\"logo\":{\"@type\":\"ImageObject\",\"inLanguage\":\"es\",\"@id\":\"https:\/\/escuelainfantilminipoli.com\/#\/schema\/logo\/image\/\",\"url\":\"https:\/\/escuelainfantilminipoli.com\/wp-content\/uploads\/2026\/02\/Logo-minipoli.png\",\"contentUrl\":\"https:\/\/escuelainfantilminipoli.com\/wp-content\/uploads\/2026\/02\/Logo-minipoli.png\",\"width\":2241,\"height\":2134,\"caption\":\"Escuela Infantil MiniPoli\"},\"image\":{\"@id\":\"https:\/\/escuelainfantilminipoli.com\/#\/schema\/logo\/image\/\"}}]}<\/script>\n<!-- \/ Yoast SEO plugin. -->","yoast_head_json":{"title":"Contacto | Escuela Infantil en Tres Forques (Valencia)","description":"Contacta con la Escuela Infantil en Tres Forques. Tel\u00e9fono, email y horario de atenci\u00f3n para resolver tus dudas e informaci\u00f3n de visitas.","robots":{"index":"index","follow":"follow","max-snippet":"max-snippet:-1","max-image-preview":"max-image-preview:large","max-video-preview":"max-video-preview:-1"},"canonical":"https:\/\/escuelainfantilminipoli.com\/index.php\/contacto\/","og_locale":"es_ES","og_type":"article","og_title":"Contacto | Escuela Infantil en Tres Forques (Valencia)","og_description":"Contacta con la Escuela Infantil en Tres Forques. Tel\u00e9fono, email y horario de atenci\u00f3n para resolver tus dudas e informaci\u00f3n de visitas.","og_url":"https:\/\/escuelainfantilminipoli.com\/index.php\/contacto\/","og_site_name":"Escuela Infantil MiniPoli","article_modified_time":"2026-02-13T08:42:13+00:00","og_image":[{"width":2241,"height":2134,"url":"https:\/\/escuelainfantilminipoli.com\/wp-content\/uploads\/2026\/02\/Logo-benicalap.png","type":"image\/png"}],"twitter_card":"summary_large_image","twitter_misc":{"Tiempo de lectura":"1 minuto"},"schema":{"@context":"https:\/\/schema.org","@graph":[{"@type":"WebPage","@id":"https:\/\/escuelainfantilminipoli.com\/index.php\/contacto\/","url":"https:\/\/escuelainfantilminipoli.com\/index.php\/contacto\/","name":"Contacto | Escuela Infantil en Tres Forques (Valencia)","isPartOf":{"@id":"https:\/\/escuelainfantilminipoli.com\/#website"},"datePublished":"2026-02-11T11:18:52+00:00","dateModified":"2026-02-13T08:42:13+00:00","description":"Contacta con la Escuela Infantil en Tres Forques. Tel\u00e9fono, email y horario de atenci\u00f3n para resolver tus dudas e informaci\u00f3n de visitas.","breadcrumb":{"@id":"https:\/\/escuelainfantilminipoli.com\/index.php\/contacto\/#breadcrumb"},"inLanguage":"es","potentialAction":[{"@type":"ReadAction","target":["https:\/\/escuelainfantilminipoli.com\/index.php\/contacto\/"]}]},{"@type":"BreadcrumbList","@id":"https:\/\/escuelainfantilminipoli.com\/index.php\/contacto\/#breadcrumb","itemListElement":[{"@type":"ListItem","position":1,"name":"Portada","item":"https:\/\/escuelainfantilminipoli.com\/"},{"@type":"ListItem","position":2,"name":"Contacto"}]},{"@type":"WebSite","@id":"https:\/\/escuelainfantilminipoli.com\/#website","url":"https:\/\/escuelainfantilminipoli.com\/","name":"Escuela Infantil MiniPoli","description":"Escuela Infantil MiniPoli ofrece educaci\u00f3n infantil de 0 a 6 a\u00f1os en Valencia. Centros con atenci\u00f3n personalizada, ingl\u00e9s, piscina, comedor y actividades para el desarrollo integral de tu hijo.","publisher":{"@id":"https:\/\/escuelainfantilminipoli.com\/#organization"},"potentialAction":[{"@type":"SearchAction","target":{"@type":"EntryPoint","urlTemplate":"https:\/\/escuelainfantilminipoli.com\/?s={search_term_string}"},"query-input":{"@type":"PropertyValueSpecification","valueRequired":true,"valueName":"search_term_string"}}],"inLanguage":"es"},{"@type":"Organization","@id":"https:\/\/escuelainfantilminipoli.com\/#organization","name":"Escuela Infantil MiniPoli","url":"https:\/\/escuelainfantilminipoli.com\/","logo":{"@type":"ImageObject","inLanguage":"es","@id":"https:\/\/escuelainfantilminipoli.com\/#\/schema\/logo\/image\/","url":"https:\/\/escuelainfantilminipoli.com\/wp-content\/uploads\/2026\/02\/Logo-minipoli.png","contentUrl":"https:\/\/escuelainfantilminipoli.com\/wp-content\/uploads\/2026\/02\/Logo-minipoli.png","width":2241,"height":2134,"caption":"Escuela Infantil MiniPoli"},"image":{"@id":"https:\/\/escuelainfantilminipoli.com\/#\/schema\/logo\/image\/"}}]}},"_links":{"self":[{"href":"https:\/\/escuelainfantilminipoli.com\/index.php\/wp-json\/wp\/v2\/pages\/67","targetHints":{"allow":["GET"]}}],"collection":[{"href":"https:\/\/escuelainfantilminipoli.com\/index.php\/wp-json\/wp\/v2\/pages"}],"about":[{"href":"https:\/\/escuelainfantilminipoli.com\/index.php\/wp-json\/wp\/v2\/types\/page"}],"author":[{"embeddable":true,"href":"https:\/\/escuelainfantilminipoli.com\/index.php\/wp-json\/wp\/v2\/users\/1"}],"replies":[{"embeddable":true,"href":"https:\/\/escuelainfantilminipoli.com\/index.php\/wp-json\/wp\/v2\/comments?post=67"}],"version-history":[{"count":14,"href":"https:\/\/escuelainfantilminipoli.com\/index.php\/wp-json\/wp\/v2\/pages\/67\/revisions"}],"predecessor-version":[{"id":152,"href":"https:\/\/escuelainfantilminipoli.com\/index.php\/wp-json\/wp\/v2\/pages\/67\/revisions\/152"}],"wp:attachment":[{"href":"https:\/\/escuelainfantilminipoli.com\/index.php\/wp-json\/wp\/v2\/media?parent=67"}],"curies":[{"name":"wp","href":"https:\/\/api.w.org\/{rel}","templated":true}]}}